{"id":575,"date":"2022-01-11T13:49:53","date_gmt":"2022-01-11T13:49:53","guid":{"rendered":"https:\/\/domoprestige.com\/blog\/?post_type=product&#038;p=575"},"modified":"2022-01-11T14:00:31","modified_gmt":"2022-01-11T14:00:31","slug":"interrupteur","status":"publish","type":"product","link":"https:\/\/domoprestige.com\/blog\/product\/interrupteur\/","title":{"rendered":"Interrupteur"},"content":{"rendered":"<p id=\"tw-target-text\" dir=\"ltr\" data-placeholder=\"Traduction\"><span lang=\"fr\">L&rsquo;\u00e9clairage contemporain de Control4 est con\u00e7u pour am\u00e9liorer le contr\u00f4le et l&rsquo;esth\u00e9tique de l&rsquo;\u00e9clairage. Avec un beau design qui convient \u00e0 la maison intelligente d&rsquo;aujourd&rsquo;hui, Control4 vous offre un nouveau design industriel que vous allez adorer. La gravure r\u00e9tro\u00e9clair\u00e9e \u00e9l\u00e9gante simplifie la maison intelligente, tandis que les boutons haut de gamme offrent une r\u00e9ponse tactile solide avec une durabilit\u00e9 accrue. L\u2019\u00e9clairage contemporain Control4 est parfait pour tout projet !<\/span><\/p>\n<p dir=\"ltr\" data-placeholder=\"Traduction\"><span lang=\"fr\">Obtenez un contr\u00f4le marche\/arr\u00eat pour pratiquement tous les types de charges, y compris les lampes \u00e0 LED, les lampes \u00e0 incandescence, les halog\u00e8nes, les transformateurs \u00e9lectroniques basse tension (\u00e0 semi-conducteurs), les transformateurs magn\u00e9tiques (noyau de fer) basse tension, les lampes fluorescentes, les lampes fluorescentes compactes et les moteurs, y compris les ventilateurs de plafond et ventilateurs de salle de bain. L&rsquo;interrupteur sans fil Control4\u00ae g\u00e8re \u00e9galement les charges d&rsquo;appel \u00e9lev\u00e9es telles que les pompes de fontaine ou les grands groupes de lampes fluorescentes et peut \u00eatre utilis\u00e9 pour commuter les prises murales. <\/span><\/p>\n<p dir=\"ltr\" data-placeholder=\"Traduction\"><span lang=\"fr\">Disponible en 10 couleurs et finitions \u00e9l\u00e9gantes pour compl\u00e9ter n&rsquo;importe quel d\u00e9cor.<\/span><\/p>\n<p><em>*L&rsquo;installation doit \u00eatre effectu\u00e9 par un \u00e9lectricien certifi\u00e9.<\/em><\/p>\n","protected":false},"excerpt":{"rendered":"<p>L&rsquo;\u00e9clairage contemporain de Control4 est con\u00e7u pour am\u00e9liorer le contr\u00f4le  [&#8230;]<\/p>\n","protected":false},"featured_media":553,"template":"","meta":[],"product_brand":[],"product_cat":[44,29],"product_tag":[],"class_list":{"0":"post-575","1":"product","2":"type-product","3":"status-publish","4":"has-post-thumbnail","6":"product_cat-bundle","7":"product_cat-eclairage","9":"first","10":"instock","11":"taxable","12":"shipping-taxable","13":"purchasable","14":"product-type-variable"},"_links":{"self":[{"href":"https:\/\/domoprestige.com\/blog\/wp-json\/wp\/v2\/product\/575","targetHints":{"allow":["GET"]}}],"collection":[{"href":"https:\/\/domoprestige.com\/blog\/wp-json\/wp\/v2\/product"}],"about":[{"href":"https:\/\/domoprestige.com\/blog\/wp-json\/wp\/v2\/types\/product"}],"wp:featuredmedia":[{"embeddable":true,"href":"https:\/\/domoprestige.com\/blog\/wp-json\/wp\/v2\/media\/553"}],"wp:attachment":[{"href":"https:\/\/domoprestige.com\/blog\/wp-json\/wp\/v2\/media?parent=575"}],"wp:term":[{"taxonomy":"product_brand","embeddable":true,"href":"https:\/\/domoprestige.com\/blog\/wp-json\/wp\/v2\/product_brand?post=575"},{"taxonomy":"product_cat","embeddable":true,"href":"https:\/\/domoprestige.com\/blog\/wp-json\/wp\/v2\/product_cat?post=575"},{"taxonomy":"product_tag","embeddable":true,"href":"https:\/\/domoprestige.com\/blog\/wp-json\/wp\/v2\/product_tag?post=575"}],"curies":[{"name":"wp","href":"https:\/\/api.w.org\/{rel}","templated":true}]}}