{"id":407,"date":"2021-11-16T20:41:42","date_gmt":"2021-11-16T20:41:42","guid":{"rendered":"https:\/\/domoprestige.com\/blog\/?post_type=product&#038;p=407"},"modified":"2022-01-11T14:11:38","modified_gmt":"2022-01-11T14:11:38","slug":"serrure","status":"publish","type":"product","link":"https:\/\/domoprestige.com\/blog\/product\/serrure\/","title":{"rendered":"Serrure Connect\u00e9e"},"content":{"rendered":"<h4 id=\"tw-target-text\" class=\"tw-data-text tw-text-large tw-ta\" dir=\"ltr\" data-placeholder=\"Traduction\"><span class=\"Y2IQFc\" lang=\"fr\">Kwikset\u00ae, le leader de la s\u00e9curit\u00e9 r\u00e9sidentielle, pr\u00e9sente le p\u00eane dormant \u00e9lectronique \u00e0 \u00e9cran tactile SmartCode 916 avec technologie Control4 ! <\/span><\/h4>\n<p class=\"tw-data-text tw-text-large tw-ta\" dir=\"ltr\" data-placeholder=\"Traduction\"><span class=\"Y2IQFc\" lang=\"fr\">Le SmartCode 916 fournit toutes les fonctionnalit\u00e9s d&rsquo;une serrure intelligente &#8211; y compris l&rsquo;entr\u00e9e sans cl\u00e9 et SmartKey\u00ae &#8211; combin\u00e9es \u00e0 la commodit\u00e9 et \u00e0 l&rsquo;esth\u00e9tique am\u00e9lior\u00e9es d&rsquo;un \u00e9cran tactile capacitif. L&rsquo;extension de votre solution de syst\u00e8me domotique avec un p\u00eane dormant \u00e0 \u00e9cran tactile Kwikset SmartCode 916 permettra \u00e0 la serrure de communiquer sans fil avec les syst\u00e8mes de s\u00e9curit\u00e9 et domotiques via Control4.<\/span><\/p>\n<p id=\"tw-target-text\" class=\"tw-data-text tw-text-large tw-ta\" dir=\"ltr\" data-placeholder=\"Traduction\"><strong><span class=\"Y2IQFc\" lang=\"fr\">CARACT\u00c9RISTIQUES: <\/span><\/strong><\/p>\n<ul>\n<li class=\"tw-data-text tw-text-large tw-ta\" dir=\"ltr\" data-placeholder=\"Traduction\"><span class=\"Y2IQFc\" lang=\"fr\">Fonction: P\u00eane dormant monocylindre <\/span><\/li>\n<li class=\"tw-data-text tw-text-large tw-ta\" dir=\"ltr\" data-placeholder=\"Traduction\"><span class=\"Y2IQFc\" lang=\"fr\">Pr\u00e9paration de la porte : trou de face de 2 1\/8&Prime; de diam\u00e8tre et trou de loquet de 1&Prime; de diam\u00e8tre <\/span><\/li>\n<li class=\"tw-data-text tw-text-large tw-ta\" dir=\"ltr\" data-placeholder=\"Traduction\"><span class=\"Y2IQFc\" lang=\"fr\">Distance d&rsquo;\u00e9cartement : ajustable 2 3\/8&Prime; ou 2 3\/4&Prime; <\/span><\/li>\n<li class=\"tw-data-text tw-text-large tw-ta\" dir=\"ltr\" data-placeholder=\"Traduction\"><span class=\"Y2IQFc\" lang=\"fr\">\u00c9paisseur de la porte : 1 3\/8&Prime; &#8211; 2&Prime; ajustement automatique <\/span><\/li>\n<li class=\"tw-data-text tw-text-large tw-ta\" dir=\"ltr\" data-placeholder=\"Traduction\"><span class=\"Y2IQFc\" lang=\"fr\">Fa\u00e7ades : 1&Prime; x 2 1\/4&Prime; coin rond standard <\/span><\/li>\n<li class=\"tw-data-text tw-text-large tw-ta\" dir=\"ltr\" data-placeholder=\"Traduction\"><span class=\"Y2IQFc\" lang=\"fr\">G\u00e2ches : G\u00e2che \u00e0 coin arrondi 2 3\/4&Prime; x 2 1\/8&Prime; <\/span><\/li>\n<li class=\"tw-data-text tw-text-large tw-ta\" dir=\"ltr\" data-placeholder=\"Traduction\"><span class=\"Y2IQFc\" lang=\"fr\">Loquet : Coin rond r\u00e9glable 2 3\/8&Prime; x 2 3\/4&Prime; <\/span><\/li>\n<li class=\"tw-data-text tw-text-large tw-ta\" dir=\"ltr\" data-placeholder=\"Traduction\"><span class=\"Y2IQFc\" lang=\"fr\">Boulon : 1 po, p\u00eane dormant en acier <\/span><\/li>\n<li class=\"tw-data-text tw-text-large tw-ta\" dir=\"ltr\" data-placeholder=\"Traduction\"><span class=\"Y2IQFc\" lang=\"fr\">Manipulation de la porte : r\u00e9versible <\/span><\/li>\n<li class=\"tw-data-text tw-text-large tw-ta\" dir=\"ltr\" data-placeholder=\"Traduction\"><span class=\"Y2IQFc\" lang=\"fr\">Cylindre : SmartKey\u00ae <\/span><\/li>\n<li class=\"tw-data-text tw-text-large tw-ta\" dir=\"ltr\" data-placeholder=\"Traduction\"><span class=\"Y2IQFc\" lang=\"fr\">Protocole sans fil : le verrou ZigBee est conforme \u00e0 la norme ZigBee de transmission en champ libre \u00e0 moins de 3 m\u00e8tres (environ 9 pieds) d&rsquo;un dispositif de r\u00e9p\u00e9tition ZigBee.<\/span><\/li>\n<\/ul>\n","protected":false},"excerpt":{"rendered":"<p>Kwikset\u00ae, le leader de la s\u00e9curit\u00e9 r\u00e9sidentielle, pr\u00e9sente le p\u00eane  [&#8230;]<\/p>\n","protected":false},"featured_media":561,"template":"","meta":[],"product_brand":[],"product_cat":[44],"product_tag":[],"class_list":{"0":"post-407","1":"product","2":"type-product","3":"status-publish","4":"has-post-thumbnail","6":"product_cat-bundle","8":"first","9":"instock","10":"taxable","11":"shipping-taxable","12":"purchasable","13":"product-type-variable"},"_links":{"self":[{"href":"https:\/\/domoprestige.com\/blog\/wp-json\/wp\/v2\/product\/407","targetHints":{"allow":["GET"]}}],"collection":[{"href":"https:\/\/domoprestige.com\/blog\/wp-json\/wp\/v2\/product"}],"about":[{"href":"https:\/\/domoprestige.com\/blog\/wp-json\/wp\/v2\/types\/product"}],"wp:featuredmedia":[{"embeddable":true,"href":"https:\/\/domoprestige.com\/blog\/wp-json\/wp\/v2\/media\/561"}],"wp:attachment":[{"href":"https:\/\/domoprestige.com\/blog\/wp-json\/wp\/v2\/media?parent=407"}],"wp:term":[{"taxonomy":"product_brand","embeddable":true,"href":"https:\/\/domoprestige.com\/blog\/wp-json\/wp\/v2\/product_brand?post=407"},{"taxonomy":"product_cat","embeddable":true,"href":"https:\/\/domoprestige.com\/blog\/wp-json\/wp\/v2\/product_cat?post=407"},{"taxonomy":"product_tag","embeddable":true,"href":"https:\/\/domoprestige.com\/blog\/wp-json\/wp\/v2\/product_tag?post=407"}],"curies":[{"name":"wp","href":"https:\/\/api.w.org\/{rel}","templated":true}]}}