{"id":400,"date":"2021-11-16T18:02:48","date_gmt":"2021-11-16T18:02:48","guid":{"rendered":"https:\/\/domoprestige.com\/blog\/?post_type=product&#038;p=400"},"modified":"2021-11-18T17:09:14","modified_gmt":"2021-11-18T17:09:14","slug":"thermostat-centralise","status":"publish","type":"product","link":"https:\/\/domoprestige.com\/blog\/product\/thermostat-centralise\/","title":{"rendered":"Thermostat Centralis\u00e9"},"content":{"rendered":"","protected":false},"excerpt":{"rendered":"<p>Le thermostat sans fil Control4 a \u00e9t\u00e9 d\u00e9velopp\u00e9 conjointement avec les experts en climatisation d&rsquo;Aprilaire pour fournir un thermostat fiable et sophistiqu\u00e9 qui offre constamment le bon niveau de confort de la mani\u00e8re la plus efficace possible.<\/p>\n<p>Avec des pr\u00e9r\u00e9glages et une programmation avanc\u00e9s, le thermostat fonctionne avec vous au lieu de forcer \u00e0 int\u00e9grer la climatisation dans un programme rigide.<\/p>\n<ul>\n<li id=\"tw-target-text\" dir=\"ltr\" data-placeholder=\"Traduction\"><span lang=\"fr\">D\u00e9velopp\u00e9 conjointement avec Aprilaire pour offrir un contr\u00f4le CVC int\u00e9gr\u00e9 avanc\u00e9 et pour offrir en permanence un confort et une efficacit\u00e9 id\u00e9aux <\/span><\/li>\n<li dir=\"ltr\" data-placeholder=\"Traduction\"><span lang=\"fr\">Compatibilit\u00e9 am\u00e9lior\u00e9e avec les syst\u00e8mes CVC modernes, y compris les syst\u00e8mes \u00e0 air puls\u00e9, g\u00e9othermique, bicombustible et de contr\u00f4le de l&rsquo;humidit\u00e9 <\/span><\/li>\n<li dir=\"ltr\" data-placeholder=\"Traduction\"><span lang=\"fr\">Contr\u00f4lez le chauffage, le refroidissement, la ventilation, l&rsquo;humidification et la d\u00e9shumidification (avec des syst\u00e8mes CVC compatibles)<\/span><\/li>\n<li dir=\"ltr\" data-placeholder=\"Traduction\">Permet les ajustements de point de consigne de temp\u00e9rature, le changement de mode CVC, les options de maintien, le contr\u00f4le du ventilateur, etc.<\/li>\n<li dir=\"ltr\" data-placeholder=\"Traduction\">L&rsquo;\u00e9cran LCD r\u00e9tro\u00e9clair\u00e9 affiche la temp\u00e9rature, le mode de fonctionnement et l&rsquo;\u00e9tat du CVC, du contr\u00f4le de la qualit\u00e9 de l&rsquo;air int\u00e9rieur, du ventilateur et du maintien<\/li>\n<li dir=\"ltr\" data-placeholder=\"Traduction\">La planification adaptative avanc\u00e9e et les pr\u00e9r\u00e9glages vous offrent la flexibilit\u00e9 et la puissance n\u00e9cessaires pour que vos maisons restent confortables d&rsquo;une mani\u00e8re qui correspond \u00e0 votre vie, au lieu de suivre un calendrier rigide<\/li>\n<\/ul>\n<p dir=\"ltr\" data-placeholder=\"Traduction\"><span lang=\"fr\">Le design \u00e9l\u00e9gant compl\u00e8te le style et l&rsquo;esth\u00e9tique des produits d&rsquo;\u00e9clairage Control4 <\/span><\/p>\n<p dir=\"ltr\" data-placeholder=\"Traduction\"><span lang=\"fr\">Parfait pour les nouvelles constructions ou les maisons existantes, avec alimentation secteur ou fonctionnement sur batterie<\/span><\/p>\n","protected":false},"featured_media":437,"template":"","meta":[],"product_brand":[],"product_cat":[44],"product_tag":[],"class_list":{"0":"post-400","1":"product","2":"type-product","3":"status-publish","4":"has-post-thumbnail","6":"product_cat-bundle","8":"first","9":"instock","10":"taxable","11":"shipping-taxable","12":"purchasable","13":"product-type-simple"},"_links":{"self":[{"href":"https:\/\/domoprestige.com\/blog\/wp-json\/wp\/v2\/product\/400","targetHints":{"allow":["GET"]}}],"collection":[{"href":"https:\/\/domoprestige.com\/blog\/wp-json\/wp\/v2\/product"}],"about":[{"href":"https:\/\/domoprestige.com\/blog\/wp-json\/wp\/v2\/types\/product"}],"wp:featuredmedia":[{"embeddable":true,"href":"https:\/\/domoprestige.com\/blog\/wp-json\/wp\/v2\/media\/437"}],"wp:attachment":[{"href":"https:\/\/domoprestige.com\/blog\/wp-json\/wp\/v2\/media?parent=400"}],"wp:term":[{"taxonomy":"product_brand","embeddable":true,"href":"https:\/\/domoprestige.com\/blog\/wp-json\/wp\/v2\/product_brand?post=400"},{"taxonomy":"product_cat","embeddable":true,"href":"https:\/\/domoprestige.com\/blog\/wp-json\/wp\/v2\/product_cat?post=400"},{"taxonomy":"product_tag","embeddable":true,"href":"https:\/\/domoprestige.com\/blog\/wp-json\/wp\/v2\/product_tag?post=400"}],"curies":[{"name":"wp","href":"https:\/\/api.w.org\/{rel}","templated":true}]}}