{"id":180,"date":"2021-11-09T19:17:58","date_gmt":"2021-11-09T19:17:58","guid":{"rendered":"https:\/\/domoprestige.com\/blog\/?post_type=product&#038;p=180"},"modified":"2022-01-11T13:48:36","modified_gmt":"2022-01-11T13:48:36","slug":"dimmer-c4","status":"publish","type":"product","link":"https:\/\/domoprestige.com\/blog\/product\/dimmer-c4\/","title":{"rendered":"Gradateur"},"content":{"rendered":"<p id=\"tw-target-text\" class=\"tw-data-text tw-text-large tw-ta\" dir=\"ltr\" data-placeholder=\"Traduction\"><span class=\"Y2IQFc\" lang=\"fr\">L\u2019\u00e9clairage contemporain de Control4 est con\u00e7u pour am\u00e9liorer le contr\u00f4le et l\u2019esth\u00e9tique de l\u2019\u00e9clairage. Avec un beau \u00e9l\u00e9gant qui convient \u00e0 la maison intelligente d\u2019aujourd\u2019hui, Control4vous offre un nouveau design industriel que vous allez adorer. La gravure r\u00e9tro\u00e9clair\u00e9e simplifie la maison intelligente, tandis que les boutons haut de gamme offrent une r\u00e9ponse tactile solide avec une durabilit\u00e9 accrue. L\u2019\u00e9clairage contemporain Control4 est parfait pour tout projet !<\/span><\/p>\n<p class=\"tw-data-text tw-text-large tw-ta\" dir=\"ltr\" data-placeholder=\"Traduction\"><span class=\"Y2IQFc\" lang=\"fr\">Le gradateur de phase adaptatif sans fil Control4\u00ae est le gradateur de choix pour pratiquement tout type de charge. Ce gradateur \u00e9limine une grande partie des conjectures associ\u00e9es au choix du bon gradateur pour le travail et \u00e9vite d&rsquo;avoir \u00e0 remplacer le gradateur si le type de charge change \u00e0 l&rsquo;avenir. Ce gradateur \u00e9l\u00e9gant est compatible avec une large gamme de types de charges dimmables, notamment la plupart des LED, des lampes \u00e0 incandescence, des halog\u00e8nes, des transformateurs \u00e9lectroniques basse tension (\u00e0 semi-conducteurs), des transformateurs basse tension magn\u00e9tiques (noyau de fer), des lampes fluorescentes et des lampes fluorescentes compactes. <\/span><\/p>\n<p class=\"tw-data-text tw-text-large tw-ta\" dir=\"ltr\" data-placeholder=\"Traduction\"><span class=\"Y2IQFc\" lang=\"fr\">Disponible en 10 couleurs et finitions \u00e9l\u00e9gantes pour compl\u00e9ter n&rsquo;importe quel d\u00e9cor.<\/span><\/p>\n","protected":false},"excerpt":{"rendered":"<p>L\u2019\u00e9clairage contemporain de Control4 est con\u00e7u pour am\u00e9liorer le contr\u00f4le  [&#8230;]<\/p>\n","protected":false},"featured_media":553,"template":"","meta":[],"product_brand":[],"product_cat":[44,29],"product_tag":[],"class_list":{"0":"post-180","1":"product","2":"type-product","3":"status-publish","4":"has-post-thumbnail","6":"product_cat-bundle","7":"product_cat-eclairage","9":"first","10":"instock","11":"taxable","12":"shipping-taxable","13":"purchasable","14":"product-type-variable"},"_links":{"self":[{"href":"https:\/\/domoprestige.com\/blog\/wp-json\/wp\/v2\/product\/180","targetHints":{"allow":["GET"]}}],"collection":[{"href":"https:\/\/domoprestige.com\/blog\/wp-json\/wp\/v2\/product"}],"about":[{"href":"https:\/\/domoprestige.com\/blog\/wp-json\/wp\/v2\/types\/product"}],"wp:featuredmedia":[{"embeddable":true,"href":"https:\/\/domoprestige.com\/blog\/wp-json\/wp\/v2\/media\/553"}],"wp:attachment":[{"href":"https:\/\/domoprestige.com\/blog\/wp-json\/wp\/v2\/media?parent=180"}],"wp:term":[{"taxonomy":"product_brand","embeddable":true,"href":"https:\/\/domoprestige.com\/blog\/wp-json\/wp\/v2\/product_brand?post=180"},{"taxonomy":"product_cat","embeddable":true,"href":"https:\/\/domoprestige.com\/blog\/wp-json\/wp\/v2\/product_cat?post=180"},{"taxonomy":"product_tag","embeddable":true,"href":"https:\/\/domoprestige.com\/blog\/wp-json\/wp\/v2\/product_tag?post=180"}],"curies":[{"name":"wp","href":"https:\/\/api.w.org\/{rel}","templated":true}]}}